{"id":14076,"date":"2020-11-09T15:21:41","date_gmt":"2020-11-09T15:21:41","guid":{"rendered":"https:\/\/hotelacqui.it\/?page_id=14076"},"modified":"2025-03-17T09:29:41","modified_gmt":"2025-03-17T09:29:41","slug":"homepage","status":"publish","type":"page","link":"https:\/\/hotelacqui.it\/es\/","title":{"rendered":"Homepage"},"content":{"rendered":"\t\t<div data-elementor-type=\"wp-page\" data-elementor-id=\"14076\" class=\"elementor elementor-14076 elementor-96\">\n\t\t\t\t\t\t\t\t\t<section class=\"elementor-section elementor-top-section elementor-element elementor-element-82554d9 qodef-elementor-content-grid elementor-section-boxed elementor-section-height-default elementor-section-height-default\" data-id=\"82554d9\" data-element_type=\"section\" data-settings=\"{&quot;background_background&quot;:&quot;classic&quot;}\">\n\t\t\t\t\t\t<div class=\"elementor-container elementor-column-gap-default\">\n\t\t\t\t\t<div class=\"elementor-column elementor-col-100 elementor-top-column elementor-element elementor-element-cdc402c\" data-id=\"cdc402c\" data-element_type=\"column\">\n\t\t\t<div class=\"elementor-widget-wrap elementor-element-populated\">\n\t\t\t\t\t\t\t\t<div class=\"elementor-element elementor-element-60a1885 elementor-widget elementor-widget-augustine_core_section_title\" data-id=\"60a1885\" data-element_type=\"widget\" data-widget_type=\"augustine_core_section_title.default\">\n\t\t\t\t<div class=\"elementor-widget-container\">\n\t\t\t<div class=\"qodef-shortcode qodef-m  qodef-section-title qodef-alignment--center    qodef-separator-appear \">\n\t\t<span class=\"qodef-m-separator\" ><\/span>\n\t\t<p class=\"qodef-m-subtitle\" >BIENVENIDOS<\/p>\n\t\t<h3 class=\"qodef-m-title\" style=\"margin-top: -9px\">\n\t\t\t\t\tHotel Acqui \t\t\t<\/h3>\n\t\t<\/div>\t\t<\/div>\n\t\t\t\t<\/div>\n\t\t\t\t<div class=\"elementor-element elementor-element-e10d100 elementor-widget elementor-widget-augustine_core_section_title\" data-id=\"e10d100\" data-element_type=\"widget\" data-widget_type=\"augustine_core_section_title.default\">\n\t\t\t\t<div class=\"elementor-widget-container\">\n\t\t\t<div class=\"qodef-shortcode qodef-m  qodef-section-title qodef-alignment--center    qodef-separator-appear \">\n\t\t\t\t<h3 class=\"qodef-m-title\" style=\"margin-top: -9px\">\n\t\t\t\t\tAprovechar el tiempo al m\u00e1ximo\t\t\t<\/h3>\n\t\t<\/div>\t\t<\/div>\n\t\t\t\t<\/div>\n\t\t\t\t<div class=\"elementor-element elementor-element-0d81d31 elementor-widget elementor-widget-spacer\" data-id=\"0d81d31\" data-element_type=\"widget\" data-widget_type=\"spacer.default\">\n\t\t\t\t<div class=\"elementor-widget-container\">\n\t\t\t<style>\/*! elementor - v3.16.0 - 20-09-2023 *\/\n.elementor-column .elementor-spacer-inner{height:var(--spacer-size)}.e-con{--container-widget-width:100%}.e-con-inner>.elementor-widget-spacer,.e-con>.elementor-widget-spacer{width:var(--container-widget-width,var(--spacer-size));--align-self:var(--container-widget-align-self,initial);--flex-shrink:0}.e-con-inner>.elementor-widget-spacer>.elementor-widget-container,.e-con>.elementor-widget-spacer>.elementor-widget-container{height:100%;width:100%}.e-con-inner>.elementor-widget-spacer>.elementor-widget-container>.elementor-spacer,.e-con>.elementor-widget-spacer>.elementor-widget-container>.elementor-spacer{height:100%}.e-con-inner>.elementor-widget-spacer>.elementor-widget-container>.elementor-spacer>.elementor-spacer-inner,.e-con>.elementor-widget-spacer>.elementor-widget-container>.elementor-spacer>.elementor-spacer-inner{height:var(--container-widget-height,var(--spacer-size))}.e-con-inner>.elementor-widget-spacer.elementor-widget-empty,.e-con>.elementor-widget-spacer.elementor-widget-empty{position:relative;min-height:22px;min-width:22px}.e-con-inner>.elementor-widget-spacer.elementor-widget-empty .elementor-widget-empty-icon,.e-con>.elementor-widget-spacer.elementor-widget-empty .elementor-widget-empty-icon{position:absolute;top:0;bottom:0;left:0;right:0;margin:auto;padding:0;width:22px;height:22px}<\/style>\t\t<div class=\"elementor-spacer\">\n\t\t\t<div class=\"elementor-spacer-inner\"><\/div>\n\t\t<\/div>\n\t\t\t\t<\/div>\n\t\t\t\t<\/div>\n\t\t\t\t\t<\/div>\n\t\t<\/div>\n\t\t\t\t\t\t\t<\/div>\n\t\t<\/section>\n\t\t\t\t<section class=\"elementor-section elementor-top-section elementor-element elementor-element-47115103 elementor-section-full_width elementor-section-height-default elementor-section-height-default qodef-elementor-content-no\" data-id=\"47115103\" data-element_type=\"section\" data-settings=\"{&quot;background_background&quot;:&quot;classic&quot;}\">\n\t\t\t\t\t\t<div class=\"elementor-container elementor-column-gap-default\">\n\t\t\t\t\t<div class=\"elementor-column elementor-col-33 elementor-top-column elementor-element elementor-element-6869d731\" data-id=\"6869d731\" data-element_type=\"column\">\n\t\t\t<div class=\"elementor-widget-wrap\">\n\t\t\t\t\t\t\t\t\t<\/div>\n\t\t<\/div>\n\t\t\t\t<div class=\"elementor-column elementor-col-33 elementor-top-column elementor-element elementor-element-8425aeb\" data-id=\"8425aeb\" data-element_type=\"column\">\n\t\t\t<div class=\"elementor-widget-wrap elementor-element-populated\">\n\t\t\t\t\t\t\t\t<div class=\"elementor-element elementor-element-83977ee elementor-widget elementor-widget-text-editor\" data-id=\"83977ee\" data-element_type=\"widget\" data-widget_type=\"text-editor.default\">\n\t\t\t\t<div class=\"elementor-widget-container\">\n\t\t\t<style>\/*! elementor - v3.16.0 - 20-09-2023 *\/\n.elementor-widget-text-editor.elementor-drop-cap-view-stacked .elementor-drop-cap{background-color:#69727d;color:#fff}.elementor-widget-text-editor.elementor-drop-cap-view-framed .elementor-drop-cap{color:#69727d;border:3px solid;background-color:transparent}.elementor-widget-text-editor:not(.elementor-drop-cap-view-default) .elementor-drop-cap{margin-top:8px}.elementor-widget-text-editor:not(.elementor-drop-cap-view-default) .elementor-drop-cap-letter{width:1em;height:1em}.elementor-widget-text-editor .elementor-drop-cap{float:left;text-align:center;line-height:1;font-size:50px}.elementor-widget-text-editor .elementor-drop-cap-letter{display:inline-block}<\/style>\t\t\t\t\t\t\t\t\t\t<\/div>\n\t\t\t\t<\/div>\n\t\t\t\t\t<\/div>\n\t\t<\/div>\n\t\t\t\t<div class=\"elementor-column elementor-col-33 elementor-top-column elementor-element elementor-element-4ac5a4e2\" data-id=\"4ac5a4e2\" data-element_type=\"column\">\n\t\t\t<div class=\"elementor-widget-wrap\">\n\t\t\t\t\t\t\t\t\t<\/div>\n\t\t<\/div>\n\t\t\t\t\t\t\t<\/div>\n\t\t<\/section>\n\t\t\t\t<section class=\"elementor-section elementor-top-section elementor-element elementor-element-4f35b99 qodef-elementor-content-grid elementor-section-boxed elementor-section-height-default elementor-section-height-default\" data-id=\"4f35b99\" data-element_type=\"section\" data-settings=\"{&quot;background_background&quot;:&quot;classic&quot;}\">\n\t\t\t\t\t\t<div class=\"elementor-container elementor-column-gap-default\">\n\t\t\t\t\t<div class=\"elementor-column elementor-col-100 elementor-top-column elementor-element elementor-element-e2ac0d6\" data-id=\"e2ac0d6\" data-element_type=\"column\">\n\t\t\t<div class=\"elementor-widget-wrap elementor-element-populated\">\n\t\t\t\t\t\t\t\t<div class=\"elementor-element elementor-element-478adc0 elementor-widget__width-auto elementor-widget elementor-widget-augustine_core_button\" data-id=\"478adc0\" data-element_type=\"widget\" data-widget_type=\"augustine_core_button.default\">\n\t\t\t\t<div class=\"elementor-widget-container\">\n\t\t\t<a class=\"qodef-shortcode qodef-m  qodef-button qodef-layout--rounded qodef-size--large qodef-html--link qodef-appear-animation\" href=\"https:\/\/hotelacqui.it\/es\/solicitar-disponibilidad\/\" target=\"_self\"  >\n\t<span class=\"qodef-m-background\" ><\/span>\n\t<span class=\"qodef-m-text\">solicitar disponibilidad<\/span>\n<\/a>\t\t<\/div>\n\t\t\t\t<\/div>\n\t\t\t\t\t<\/div>\n\t\t<\/div>\n\t\t\t\t\t\t\t<\/div>\n\t\t<\/section>\n\t\t\t\t<section class=\"elementor-section elementor-top-section elementor-element elementor-element-a76b56b qodef-elementor-content-grid elementor-section-boxed elementor-section-height-default elementor-section-height-default\" data-id=\"a76b56b\" data-element_type=\"section\" data-settings=\"{&quot;background_background&quot;:&quot;classic&quot;}\">\n\t\t\t\t\t\t<div class=\"elementor-container elementor-column-gap-default\">\n\t\t\t\t\t<div class=\"elementor-column elementor-col-100 elementor-top-column elementor-element elementor-element-f23e0da\" data-id=\"f23e0da\" data-element_type=\"column\">\n\t\t\t<div class=\"elementor-widget-wrap elementor-element-populated\">\n\t\t\t\t\t\t\t\t<div class=\"elementor-element elementor-element-2cb016f elementor-widget elementor-widget-augustine_core_section_title\" data-id=\"2cb016f\" data-element_type=\"widget\" data-widget_type=\"augustine_core_section_title.default\">\n\t\t\t\t<div class=\"elementor-widget-container\">\n\t\t\t<div class=\"qodef-shortcode qodef-m  qodef-section-title qodef-alignment--center    qodef-separator-appear \">\n\t\t<span class=\"qodef-m-separator\" ><\/span>\n\t\t<p class=\"qodef-m-subtitle\" >ACQUI TERME<\/p>\n\t\t<h3 class=\"qodef-m-title\" style=\"margin-top: -9px\">\n\t\t\t\t\tHospitalidad y calidad desde hace tres generaciones\t\t\t<\/h3>\n\t\t<\/div>\t\t<\/div>\n\t\t\t\t<\/div>\n\t\t\t\t<div class=\"elementor-element elementor-element-a5c2e53 elementor-widget elementor-widget-text-editor\" data-id=\"a5c2e53\" data-element_type=\"widget\" data-widget_type=\"text-editor.default\">\n\t\t\t\t<div class=\"elementor-widget-container\">\n\t\t\t\t\t\t\t<p style=\"text-align: center;\">Desde 1923, el Hotel Acqui &amp; Spa de Acqui Terme pertenece con orgullo a la familia De Bernardi.<\/p>\n<p style=\"text-align: center;\"><span style=\"font-family: var( --e-global-typography-text-font-family ), Sans-serif; font-weight: var( --e-global-typography-text-font-weight );\">El Hotel Acqui &amp; Spa, situado en el coraz\u00f3n de la ciudad termal de Acqui Terme,<\/span><\/p>\n<p style=\"text-align: center;\">est\u00e1 dotado de todos aquellos servicios -imprescindibles hoy en d\u00eda- destinados a garantizar a sus hu\u00e9spedes<\/p>\n<p style=\"text-align: center;\">&nbsp;un ambiente de amable hospitalidad y una estancia c\u00f3moda y relajante.<\/p>\n<p style=\"text-align: center;\"><span style=\"font-family: var( --e-global-typography-text-font-family ), Sans-serif; font-weight: var( --e-global-typography-text-font-weight );\">El Hotel Acqui &amp; Spa &#8211; unido al establecimiento termal &#8220;Nuove Terme&#8221;&nbsp;<\/span><\/p>\n<p style=\"text-align: center;\">por un antiguo p\u00f3rtico- ofrece a sus hu\u00e9spedes jornadas marcadas por momentos de puro relax.<\/p>\n<div style=\"text-align: center;\">&nbsp;<\/div>\t\t\t\t\t\t<\/div>\n\t\t\t\t<\/div>\n\t\t\t\t\t<\/div>\n\t\t<\/div>\n\t\t\t\t\t\t\t<\/div>\n\t\t<\/section>\n\t\t\t\t<section class=\"elementor-section elementor-top-section elementor-element elementor-element-cc3d28c elementor-section-boxed elementor-section-height-default elementor-section-height-default qodef-elementor-content-no\" data-id=\"cc3d28c\" data-element_type=\"section\" data-settings=\"{&quot;background_background&quot;:&quot;classic&quot;}\">\n\t\t\t\t\t\t<div class=\"elementor-container elementor-column-gap-default\">\n\t\t\t\t\t<div class=\"elementor-column elementor-col-100 elementor-top-column elementor-element elementor-element-9ff1e5a\" data-id=\"9ff1e5a\" data-element_type=\"column\">\n\t\t\t<div class=\"elementor-widget-wrap elementor-element-populated\">\n\t\t\t\t\t\t\t\t<div class=\"elementor-element elementor-element-b192fac elementor-widget elementor-widget-spacer\" data-id=\"b192fac\" data-element_type=\"widget\" data-widget_type=\"spacer.default\">\n\t\t\t\t<div class=\"elementor-widget-container\">\n\t\t\t\t\t<div class=\"elementor-spacer\">\n\t\t\t<div class=\"elementor-spacer-inner\"><\/div>\n\t\t<\/div>\n\t\t\t\t<\/div>\n\t\t\t\t<\/div>\n\t\t\t\t\t<\/div>\n\t\t<\/div>\n\t\t\t\t\t\t\t<\/div>\n\t\t<\/section>\n\t\t\t\t<section class=\"elementor-section elementor-top-section elementor-element elementor-element-b0a7e40 elementor-section-content-middle elementor-section-boxed elementor-section-height-default elementor-section-height-default qodef-elementor-content-no\" data-id=\"b0a7e40\" data-element_type=\"section\" data-settings=\"{&quot;background_background&quot;:&quot;classic&quot;}\">\n\t\t\t\t\t\t<div class=\"elementor-container elementor-column-gap-default\">\n\t\t\t\t\t<div class=\"elementor-column elementor-col-33 elementor-top-column elementor-element elementor-element-6dea910\" data-id=\"6dea910\" data-element_type=\"column\">\n\t\t\t<div class=\"elementor-widget-wrap elementor-element-populated\">\n\t\t\t\t\t\t\t\t<div class=\"elementor-element elementor-element-515cc1b elementor-widget elementor-widget-text-editor\" data-id=\"515cc1b\" data-element_type=\"widget\" data-widget_type=\"text-editor.default\">\n\t\t\t\t<div class=\"elementor-widget-container\">\n\t\t\t\t\t\t\t<h4><a href=\"https:\/\/hotelacqui.it\/es\/spa\/\">Spa<\/a><\/h4>\n<p>Reservada exclusivamente a los hu\u00e9spedes del hotel, nuestra Spa es un tranquilo y soleado espacio de agregaci\u00f3n y relax que ocupa la tercera y \u00faltima planta del Hotel Acqui, donde podr\u00e1 disfrutar con ligereza de unas vacaciones que mejoraran su calidad de vida.<\/p>\t\t\t\t\t\t<\/div>\n\t\t\t\t<\/div>\n\t\t\t\t<div class=\"elementor-element elementor-element-ded1897 elementor-widget elementor-widget-image\" data-id=\"ded1897\" data-element_type=\"widget\" data-widget_type=\"image.default\">\n\t\t\t\t<div class=\"elementor-widget-container\">\n\t\t\t<style>\/*! elementor - v3.16.0 - 20-09-2023 *\/\n.elementor-widget-image{text-align:center}.elementor-widget-image a{display:inline-block}.elementor-widget-image a img[src$=\".svg\"]{width:48px}.elementor-widget-image img{vertical-align:middle;display:inline-block}<\/style>\t\t\t\t\t\t\t\t\t\t\t\t<img decoding=\"async\" width=\"650\" height=\"650\" src=\"https:\/\/hotelacqui.it\/wp-content\/uploads\/2022\/03\/hotel_acqui_centro_benessere-650x650.jpg\" class=\"attachment-augustine_image_size_square size-augustine_image_size_square wp-image-11359\" alt=\"\" srcset=\"https:\/\/hotelacqui.it\/wp-content\/uploads\/2022\/03\/hotel_acqui_centro_benessere-650x650.jpg 650w, https:\/\/hotelacqui.it\/wp-content\/uploads\/2022\/03\/hotel_acqui_centro_benessere-300x300.jpg 300w, https:\/\/hotelacqui.it\/wp-content\/uploads\/2022\/03\/hotel_acqui_centro_benessere-100x100.jpg 100w, https:\/\/hotelacqui.it\/wp-content\/uploads\/2022\/03\/hotel_acqui_centro_benessere-150x150.jpg 150w\" sizes=\"(max-width: 650px) 100vw, 650px\" \/>\t\t\t\t\t\t\t\t\t\t\t\t\t\t\t<\/div>\n\t\t\t\t<\/div>\n\t\t\t\t\t<\/div>\n\t\t<\/div>\n\t\t\t\t<div class=\"elementor-column elementor-col-33 elementor-top-column elementor-element elementor-element-9cf9458\" data-id=\"9cf9458\" data-element_type=\"column\">\n\t\t\t<div class=\"elementor-widget-wrap elementor-element-populated\">\n\t\t\t\t\t\t\t\t<div class=\"elementor-element elementor-element-23fe349 elementor-widget elementor-widget-text-editor\" data-id=\"23fe349\" data-element_type=\"widget\" data-widget_type=\"text-editor.default\">\n\t\t\t\t<div class=\"elementor-widget-container\">\n\t\t\t\t\t\t\t<h4><a href=\"https:\/\/hotelacqui.it\/es\/habitaciones-junior-suites\/\">Habitaciones<\/a><\/h4><p>Habitaciones de categor\u00eda junior, superior y b\u00e1sica, ascensor, muebles elegantes, ventanas insonorizadas, aire acondicionado, caja fuerte, TV, tel\u00e9fono directo, ba\u00f1o privado, secador de pelo, instalaciones en suite, wi-fi de s\u00faper fibra.<\/p>\t\t\t\t\t\t<\/div>\n\t\t\t\t<\/div>\n\t\t\t\t<div class=\"elementor-element elementor-element-9590746 elementor-widget elementor-widget-image\" data-id=\"9590746\" data-element_type=\"widget\" data-widget_type=\"image.default\">\n\t\t\t\t<div class=\"elementor-widget-container\">\n\t\t\t\t\t\t\t\t\t\t\t\t\t\t\t<img decoding=\"async\" width=\"650\" height=\"650\" src=\"https:\/\/hotelacqui.it\/wp-content\/uploads\/2022\/03\/hotel_acqui_centro_camere-2-650x650.jpg\" class=\"attachment-augustine_image_size_square size-augustine_image_size_square wp-image-11318\" alt=\"\" srcset=\"https:\/\/hotelacqui.it\/wp-content\/uploads\/2022\/03\/hotel_acqui_centro_camere-2-650x650.jpg 650w, https:\/\/hotelacqui.it\/wp-content\/uploads\/2022\/03\/hotel_acqui_centro_camere-2-300x300.jpg 300w, https:\/\/hotelacqui.it\/wp-content\/uploads\/2022\/03\/hotel_acqui_centro_camere-2-100x100.jpg 100w, https:\/\/hotelacqui.it\/wp-content\/uploads\/2022\/03\/hotel_acqui_centro_camere-2-150x150.jpg 150w\" sizes=\"(max-width: 650px) 100vw, 650px\" \/>\t\t\t\t\t\t\t\t\t\t\t\t\t\t\t<\/div>\n\t\t\t\t<\/div>\n\t\t\t\t\t<\/div>\n\t\t<\/div>\n\t\t\t\t<div class=\"elementor-column elementor-col-33 elementor-top-column elementor-element elementor-element-5e8478b\" data-id=\"5e8478b\" data-element_type=\"column\">\n\t\t\t<div class=\"elementor-widget-wrap elementor-element-populated\">\n\t\t\t\t\t\t\t\t<div class=\"elementor-element elementor-element-26ce93e elementor-widget elementor-widget-text-editor\" data-id=\"26ce93e\" data-element_type=\"widget\" data-widget_type=\"text-editor.default\">\n\t\t\t\t<div class=\"elementor-widget-container\">\n\t\t\t\t\t\t\t<h4><a href=\"https:\/\/hotelacqui.it\/es\/restaurante\/\">Restaurante<\/a><\/h4><p>Rico desayuno buffet, sabrosos almuerzos y cenas que combinan los sabores tradicionales con los principios de la cocina genuina y saludable. El restaurante est\u00e1 dividido en tres salas y amueblado de tal manera que su capacidad se puede ampliar para banquetes.<\/p>\t\t\t\t\t\t<\/div>\n\t\t\t\t<\/div>\n\t\t\t\t<div class=\"elementor-element elementor-element-8b741e5 elementor-widget elementor-widget-image\" data-id=\"8b741e5\" data-element_type=\"widget\" data-widget_type=\"image.default\">\n\t\t\t\t<div class=\"elementor-widget-container\">\n\t\t\t\t\t\t\t\t\t\t\t\t\t\t\t<img decoding=\"async\" width=\"650\" height=\"650\" src=\"https:\/\/hotelacqui.it\/wp-content\/uploads\/2022\/03\/hotel_acqui_ristorante-1-650x650.jpg\" class=\"attachment-augustine_image_size_square size-augustine_image_size_square wp-image-11314\" alt=\"\" srcset=\"https:\/\/hotelacqui.it\/wp-content\/uploads\/2022\/03\/hotel_acqui_ristorante-1-650x650.jpg 650w, https:\/\/hotelacqui.it\/wp-content\/uploads\/2022\/03\/hotel_acqui_ristorante-1-300x300.jpg 300w, https:\/\/hotelacqui.it\/wp-content\/uploads\/2022\/03\/hotel_acqui_ristorante-1-100x100.jpg 100w, https:\/\/hotelacqui.it\/wp-content\/uploads\/2022\/03\/hotel_acqui_ristorante-1-150x150.jpg 150w\" sizes=\"(max-width: 650px) 100vw, 650px\" \/>\t\t\t\t\t\t\t\t\t\t\t\t\t\t\t<\/div>\n\t\t\t\t<\/div>\n\t\t\t\t\t<\/div>\n\t\t<\/div>\n\t\t\t\t\t\t\t<\/div>\n\t\t<\/section>\n\t\t\t\t<section class=\"elementor-section elementor-top-section elementor-element elementor-element-3301611 elementor-section-boxed elementor-section-height-default elementor-section-height-default qodef-elementor-content-no\" data-id=\"3301611\" data-element_type=\"section\" data-settings=\"{&quot;background_background&quot;:&quot;classic&quot;}\">\n\t\t\t\t\t\t<div class=\"elementor-container elementor-column-gap-default\">\n\t\t\t\t\t<div class=\"elementor-column elementor-col-100 elementor-top-column elementor-element elementor-element-d8b0011\" data-id=\"d8b0011\" data-element_type=\"column\">\n\t\t\t<div class=\"elementor-widget-wrap elementor-element-populated\">\n\t\t\t\t\t\t\t\t<div class=\"elementor-element elementor-element-58b9856 elementor-widget elementor-widget-spacer\" data-id=\"58b9856\" data-element_type=\"widget\" data-widget_type=\"spacer.default\">\n\t\t\t\t<div class=\"elementor-widget-container\">\n\t\t\t\t\t<div class=\"elementor-spacer\">\n\t\t\t<div class=\"elementor-spacer-inner\"><\/div>\n\t\t<\/div>\n\t\t\t\t<\/div>\n\t\t\t\t<\/div>\n\t\t\t\t\t<\/div>\n\t\t<\/div>\n\t\t\t\t\t\t\t<\/div>\n\t\t<\/section>\n\t\t\t\t\t\t\t<\/div>\n\t\t","protected":false},"excerpt":{"rendered":"<p>BIENVENIDOS Hotel Acqui Aprovechar el tiempo al m\u00e1ximo solicitar disponibilidad ACQUI TERME Hospitalidad y calidad desde hace tres generaciones Desde 1923, el Hotel Acqui &amp; Spa de Acqui Terme pertenece con orgullo a la familia De Bernardi. El Hotel Acqui &amp; Spa, situado en el coraz\u00f3n de la ciudad termal de Acqui Terme, est\u00e1 dotado [&hellip;]<\/p>\n","protected":false},"author":3,"featured_media":0,"parent":0,"menu_order":0,"comment_status":"closed","ping_status":"closed","template":"page-full-width.php","meta":{"footnotes":""},"class_list":["post-14076","page","type-page","status-publish","hentry"],"yoast_head":"<!-- This site is optimized with the Yoast SEO plugin v21.2 - https:\/\/yoast.com\/wordpress\/plugins\/seo\/ -->\n<title>Homepage - Hotel Acqui Terme<\/title>\n<meta name=\"robots\" content=\"index, follow, max-snippet:-1, max-image-preview:large, max-video-preview:-1\" \/>\n<link rel=\"canonical\" href=\"https:\/\/hotelacqui.it\/es\/\" \/>\n<meta property=\"og:locale\" content=\"es_ES\" \/>\n<meta property=\"og:type\" content=\"article\" \/>\n<meta property=\"og:title\" content=\"Homepage - Hotel Acqui Terme\" \/>\n<meta property=\"og:description\" content=\"BIENVENIDOS Hotel Acqui Aprovechar el tiempo al m\u00e1ximo solicitar disponibilidad ACQUI TERME Hospitalidad y calidad desde hace tres generaciones Desde 1923, el Hotel Acqui &amp; Spa de Acqui Terme pertenece con orgullo a la familia De Bernardi. El Hotel Acqui &amp; Spa, situado en el coraz\u00f3n de la ciudad termal de Acqui Terme, est\u00e1 dotado [&hellip;]\" \/>\n<meta property=\"og:url\" content=\"https:\/\/hotelacqui.it\/es\/\" \/>\n<meta property=\"og:site_name\" content=\"Hotel Acqui Terme\" \/>\n<meta property=\"article:modified_time\" content=\"2025-03-17T09:29:41+00:00\" \/>\n<meta property=\"og:image\" content=\"https:\/\/hotelacqui.it\/wp-content\/uploads\/2022\/03\/hotel_acqui_centro_benessere-650x650.jpg\" \/>\n<meta name=\"twitter:card\" content=\"summary_large_image\" \/>\n<meta name=\"twitter:label1\" content=\"Tiempo de lectura\" \/>\n\t<meta name=\"twitter:data1\" content=\"2 minutos\" \/>\n<script type=\"application\/ld+json\" class=\"yoast-schema-graph\">{\"@context\":\"https:\/\/schema.org\",\"@graph\":[{\"@type\":\"WebPage\",\"@id\":\"https:\/\/hotelacqui.it\/es\/\",\"url\":\"https:\/\/hotelacqui.it\/es\/\",\"name\":\"Homepage - Hotel Acqui Terme\",\"isPartOf\":{\"@id\":\"https:\/\/hotelacqui.it\/es\/#website\"},\"datePublished\":\"2020-11-09T15:21:41+00:00\",\"dateModified\":\"2025-03-17T09:29:41+00:00\",\"breadcrumb\":{\"@id\":\"https:\/\/hotelacqui.it\/es\/#breadcrumb\"},\"inLanguage\":\"es\",\"potentialAction\":[{\"@type\":\"ReadAction\",\"target\":[\"https:\/\/hotelacqui.it\/es\/\"]}]},{\"@type\":\"BreadcrumbList\",\"@id\":\"https:\/\/hotelacqui.it\/es\/#breadcrumb\",\"itemListElement\":[{\"@type\":\"ListItem\",\"position\":1,\"name\":\"Home\",\"item\":\"https:\/\/hotelacqui.it\/es\/\"},{\"@type\":\"ListItem\",\"position\":2,\"name\":\"Homepage\"}]},{\"@type\":\"WebSite\",\"@id\":\"https:\/\/hotelacqui.it\/es\/#website\",\"url\":\"https:\/\/hotelacqui.it\/es\/\",\"name\":\"Hotel Acqui Terme\",\"description\":\"Centro Benessere e Super Colazione\",\"potentialAction\":[{\"@type\":\"SearchAction\",\"target\":{\"@type\":\"EntryPoint\",\"urlTemplate\":\"https:\/\/hotelacqui.it\/es\/?s={search_term_string}\"},\"query-input\":\"required name=search_term_string\"}],\"inLanguage\":\"es\"}]}<\/script>\n<!-- \/ Yoast SEO plugin. -->","yoast_head_json":{"title":"Homepage - Hotel Acqui Terme","robots":{"index":"index","follow":"follow","max-snippet":"max-snippet:-1","max-image-preview":"max-image-preview:large","max-video-preview":"max-video-preview:-1"},"canonical":"https:\/\/hotelacqui.it\/es\/","og_locale":"es_ES","og_type":"article","og_title":"Homepage - Hotel Acqui Terme","og_description":"BIENVENIDOS Hotel Acqui Aprovechar el tiempo al m\u00e1ximo solicitar disponibilidad ACQUI TERME Hospitalidad y calidad desde hace tres generaciones Desde 1923, el Hotel Acqui &amp; Spa de Acqui Terme pertenece con orgullo a la familia De Bernardi. El Hotel Acqui &amp; Spa, situado en el coraz\u00f3n de la ciudad termal de Acqui Terme, est\u00e1 dotado [&hellip;]","og_url":"https:\/\/hotelacqui.it\/es\/","og_site_name":"Hotel Acqui Terme","article_modified_time":"2025-03-17T09:29:41+00:00","og_image":[{"url":"https:\/\/hotelacqui.it\/wp-content\/uploads\/2022\/03\/hotel_acqui_centro_benessere-650x650.jpg"}],"twitter_card":"summary_large_image","twitter_misc":{"Tiempo de lectura":"2 minutos"},"schema":{"@context":"https:\/\/schema.org","@graph":[{"@type":"WebPage","@id":"https:\/\/hotelacqui.it\/es\/","url":"https:\/\/hotelacqui.it\/es\/","name":"Homepage - Hotel Acqui Terme","isPartOf":{"@id":"https:\/\/hotelacqui.it\/es\/#website"},"datePublished":"2020-11-09T15:21:41+00:00","dateModified":"2025-03-17T09:29:41+00:00","breadcrumb":{"@id":"https:\/\/hotelacqui.it\/es\/#breadcrumb"},"inLanguage":"es","potentialAction":[{"@type":"ReadAction","target":["https:\/\/hotelacqui.it\/es\/"]}]},{"@type":"BreadcrumbList","@id":"https:\/\/hotelacqui.it\/es\/#breadcrumb","itemListElement":[{"@type":"ListItem","position":1,"name":"Home","item":"https:\/\/hotelacqui.it\/es\/"},{"@type":"ListItem","position":2,"name":"Homepage"}]},{"@type":"WebSite","@id":"https:\/\/hotelacqui.it\/es\/#website","url":"https:\/\/hotelacqui.it\/es\/","name":"Hotel Acqui Terme","description":"Centro Benessere e Super Colazione","potentialAction":[{"@type":"SearchAction","target":{"@type":"EntryPoint","urlTemplate":"https:\/\/hotelacqui.it\/es\/?s={search_term_string}"},"query-input":"required name=search_term_string"}],"inLanguage":"es"}]}},"_links":{"self":[{"href":"https:\/\/hotelacqui.it\/es\/wp-json\/wp\/v2\/pages\/14076","targetHints":{"allow":["GET"]}}],"collection":[{"href":"https:\/\/hotelacqui.it\/es\/wp-json\/wp\/v2\/pages"}],"about":[{"href":"https:\/\/hotelacqui.it\/es\/wp-json\/wp\/v2\/types\/page"}],"author":[{"embeddable":true,"href":"https:\/\/hotelacqui.it\/es\/wp-json\/wp\/v2\/users\/3"}],"replies":[{"embeddable":true,"href":"https:\/\/hotelacqui.it\/es\/wp-json\/wp\/v2\/comments?post=14076"}],"version-history":[{"count":32,"href":"https:\/\/hotelacqui.it\/es\/wp-json\/wp\/v2\/pages\/14076\/revisions"}],"predecessor-version":[{"id":16608,"href":"https:\/\/hotelacqui.it\/es\/wp-json\/wp\/v2\/pages\/14076\/revisions\/16608"}],"wp:attachment":[{"href":"https:\/\/hotelacqui.it\/es\/wp-json\/wp\/v2\/media?parent=14076"}],"curies":[{"name":"wp","href":"https:\/\/api.w.org\/{rel}","templated":true}]}}