{"id":14137,"date":"2022-04-14T08:00:17","date_gmt":"2022-04-14T08:00:17","guid":{"rendered":"https:\/\/hotelacqui.it\/?page_id=14137"},"modified":"2025-03-17T09:28:01","modified_gmt":"2025-03-17T09:28:01","slug":"suite-junior","status":"publish","type":"page","link":"https:\/\/hotelacqui.it\/es\/suite-junior\/","title":{"rendered":"Suite Junior"},"content":{"rendered":"\t\t<div data-elementor-type=\"wp-page\" data-elementor-id=\"14137\" class=\"elementor elementor-14137 elementor-12671\">\n\t\t\t\t\t\t\t\t\t<section class=\"elementor-section elementor-top-section elementor-element elementor-element-7ab72c6 elementor-section-full_width elementor-section-height-default elementor-section-height-default qodef-elementor-content-no\" data-id=\"7ab72c6\" data-element_type=\"section\">\n\t\t\t\t\t\t<div class=\"elementor-container elementor-column-gap-custom\">\n\t\t\t\t\t<div class=\"elementor-column elementor-col-100 elementor-top-column elementor-element elementor-element-8033707\" data-id=\"8033707\" data-element_type=\"column\">\n\t\t\t<div class=\"elementor-widget-wrap elementor-element-populated\">\n\t\t\t\t\t\t\t\t<div class=\"elementor-element elementor-element-bd780c8 elementor-arrows-position-inside elementor-pagination-position-outside elementor-widget elementor-widget-image-carousel\" data-id=\"bd780c8\" data-element_type=\"widget\" data-settings=\"{&quot;navigation&quot;:&quot;both&quot;,&quot;autoplay&quot;:&quot;yes&quot;,&quot;pause_on_hover&quot;:&quot;yes&quot;,&quot;pause_on_interaction&quot;:&quot;yes&quot;,&quot;autoplay_speed&quot;:5000,&quot;infinite&quot;:&quot;yes&quot;,&quot;speed&quot;:500}\" data-widget_type=\"image-carousel.default\">\n\t\t\t\t<div class=\"elementor-widget-container\">\n\t\t\t<style>\/*! elementor - v3.16.0 - 20-09-2023 *\/\n.elementor-widget-image-carousel .swiper,.elementor-widget-image-carousel .swiper-container{position:static}.elementor-widget-image-carousel .swiper-container .swiper-slide figure,.elementor-widget-image-carousel .swiper .swiper-slide figure{line-height:inherit}.elementor-widget-image-carousel .swiper-slide{text-align:center}.elementor-image-carousel-wrapper:not(.swiper-container-initialized):not(.swiper-initialized) .swiper-slide{max-width:calc(100% \/ var(--e-image-carousel-slides-to-show, 3))}<\/style>\t\t<div class=\"elementor-image-carousel-wrapper swiper-container\" dir=\"ltr\">\n\t\t\t<div class=\"elementor-image-carousel swiper-wrapper\" aria-live=\"off\">\n\t\t\t\t\t\t\t\t<div class=\"swiper-slide\" role=\"group\" aria-roledescription=\"slide\" aria-label=\"1 de 6\"><figure class=\"swiper-slide-inner\"><img decoding=\"async\" class=\"swiper-slide-image\" src=\"https:\/\/hotelacqui.it\/wp-content\/uploads\/2022\/03\/hotel_acqui_terme_junior_suite_212_802.jpg\" alt=\"hotel_acqui_terme_junior_suite_212_802\" \/><\/figure><\/div><div class=\"swiper-slide\" role=\"group\" aria-roledescription=\"slide\" aria-label=\"2 de 6\"><figure class=\"swiper-slide-inner\"><img decoding=\"async\" class=\"swiper-slide-image\" src=\"https:\/\/hotelacqui.it\/wp-content\/uploads\/2022\/03\/hotel_acqui_terme_camera_doppia_2-1.jpg\" alt=\"hotel_acqui_terme_camera_doppia_2-1\" \/><\/figure><\/div><div class=\"swiper-slide\" role=\"group\" aria-roledescription=\"slide\" aria-label=\"3 de 6\"><figure class=\"swiper-slide-inner\"><img decoding=\"async\" class=\"swiper-slide-image\" src=\"https:\/\/hotelacqui.it\/wp-content\/uploads\/2022\/03\/hotel_acqui_terme_junior_suite_03-1.jpg\" alt=\"hotel_acqui_terme_junior_suite_03-1\" \/><\/figure><\/div><div class=\"swiper-slide\" role=\"group\" aria-roledescription=\"slide\" aria-label=\"4 de 6\"><figure class=\"swiper-slide-inner\"><img decoding=\"async\" class=\"swiper-slide-image\" src=\"https:\/\/hotelacqui.it\/wp-content\/uploads\/2022\/03\/hotel_acqui_terme_junior_suite_01-1-1.jpg\" alt=\"hotel_acqui_terme_junior_suite_01-1-1\" \/><\/figure><\/div><div class=\"swiper-slide\" role=\"group\" aria-roledescription=\"slide\" aria-label=\"5 de 6\"><figure class=\"swiper-slide-inner\"><img decoding=\"async\" class=\"swiper-slide-image\" src=\"https:\/\/hotelacqui.it\/wp-content\/uploads\/2022\/03\/hotel_acqui_terme_junior_suite_212_656_bagno.jpg\" alt=\"hotel_acqui_terme_junior_suite_212_656_bagno\" \/><\/figure><\/div><div class=\"swiper-slide\" role=\"group\" aria-roledescription=\"slide\" aria-label=\"6 de 6\"><figure class=\"swiper-slide-inner\"><img decoding=\"async\" class=\"swiper-slide-image\" src=\"https:\/\/hotelacqui.it\/wp-content\/uploads\/2022\/03\/hotel_acqui_terme_junior_suite_212_629.jpg\" alt=\"hotel_acqui_terme_junior_suite_212_629\" \/><\/figure><\/div>\t\t\t<\/div>\n\t\t\t\t\t\t\t\t\t\t\t\t<div class=\"elementor-swiper-button elementor-swiper-button-prev\" role=\"button\" tabindex=\"0\">\n\t\t\t\t\t\t<i aria-hidden=\"true\" class=\"eicon-chevron-left\"><\/i>\t\t\t\t\t<\/div>\n\t\t\t\t\t<div class=\"elementor-swiper-button elementor-swiper-button-next\" role=\"button\" tabindex=\"0\">\n\t\t\t\t\t\t<i aria-hidden=\"true\" class=\"eicon-chevron-right\"><\/i>\t\t\t\t\t<\/div>\n\t\t\t\t\n\t\t\t\t\t\t\t\t\t<div class=\"swiper-pagination\"><\/div>\n\t\t\t\t\t\t\t\t\t<\/div>\n\t\t\t\t<\/div>\n\t\t\t\t<\/div>\n\t\t\t\t\t<\/div>\n\t\t<\/div>\n\t\t\t\t\t\t\t<\/div>\n\t\t<\/section>\n\t\t\t\t<section class=\"elementor-section elementor-top-section elementor-element elementor-element-63945cf elementor-section-boxed elementor-section-height-default elementor-section-height-default qodef-elementor-content-no\" data-id=\"63945cf\" data-element_type=\"section\">\n\t\t\t\t\t\t<div class=\"elementor-container elementor-column-gap-default\">\n\t\t\t\t\t<div class=\"elementor-column elementor-col-100 elementor-top-column elementor-element elementor-element-fcd2483\" data-id=\"fcd2483\" data-element_type=\"column\">\n\t\t\t<div class=\"elementor-widget-wrap elementor-element-populated\">\n\t\t\t\t\t\t\t\t<div class=\"elementor-element elementor-element-519ff6a elementor-widget elementor-widget-spacer\" data-id=\"519ff6a\" data-element_type=\"widget\" data-widget_type=\"spacer.default\">\n\t\t\t\t<div class=\"elementor-widget-container\">\n\t\t\t<style>\/*! elementor - v3.16.0 - 20-09-2023 *\/\n.elementor-column .elementor-spacer-inner{height:var(--spacer-size)}.e-con{--container-widget-width:100%}.e-con-inner>.elementor-widget-spacer,.e-con>.elementor-widget-spacer{width:var(--container-widget-width,var(--spacer-size));--align-self:var(--container-widget-align-self,initial);--flex-shrink:0}.e-con-inner>.elementor-widget-spacer>.elementor-widget-container,.e-con>.elementor-widget-spacer>.elementor-widget-container{height:100%;width:100%}.e-con-inner>.elementor-widget-spacer>.elementor-widget-container>.elementor-spacer,.e-con>.elementor-widget-spacer>.elementor-widget-container>.elementor-spacer{height:100%}.e-con-inner>.elementor-widget-spacer>.elementor-widget-container>.elementor-spacer>.elementor-spacer-inner,.e-con>.elementor-widget-spacer>.elementor-widget-container>.elementor-spacer>.elementor-spacer-inner{height:var(--container-widget-height,var(--spacer-size))}.e-con-inner>.elementor-widget-spacer.elementor-widget-empty,.e-con>.elementor-widget-spacer.elementor-widget-empty{position:relative;min-height:22px;min-width:22px}.e-con-inner>.elementor-widget-spacer.elementor-widget-empty .elementor-widget-empty-icon,.e-con>.elementor-widget-spacer.elementor-widget-empty .elementor-widget-empty-icon{position:absolute;top:0;bottom:0;left:0;right:0;margin:auto;padding:0;width:22px;height:22px}<\/style>\t\t<div class=\"elementor-spacer\">\n\t\t\t<div class=\"elementor-spacer-inner\"><\/div>\n\t\t<\/div>\n\t\t\t\t<\/div>\n\t\t\t\t<\/div>\n\t\t\t\t\t<\/div>\n\t\t<\/div>\n\t\t\t\t\t\t\t<\/div>\n\t\t<\/section>\n\t\t\t\t<section class=\"elementor-section elementor-top-section elementor-element elementor-element-9eee17f elementor-section-boxed elementor-section-height-default elementor-section-height-default qodef-elementor-content-no\" data-id=\"9eee17f\" data-element_type=\"section\">\n\t\t\t\t\t\t<div class=\"elementor-container elementor-column-gap-default\">\n\t\t\t\t\t<div class=\"elementor-column elementor-col-100 elementor-top-column elementor-element elementor-element-d517249\" data-id=\"d517249\" data-element_type=\"column\">\n\t\t\t<div class=\"elementor-widget-wrap elementor-element-populated\">\n\t\t\t\t\t\t\t\t<div class=\"elementor-element elementor-element-1b6766a elementor-widget elementor-widget-spacer\" data-id=\"1b6766a\" data-element_type=\"widget\" data-widget_type=\"spacer.default\">\n\t\t\t\t<div class=\"elementor-widget-container\">\n\t\t\t\t\t<div class=\"elementor-spacer\">\n\t\t\t<div class=\"elementor-spacer-inner\"><\/div>\n\t\t<\/div>\n\t\t\t\t<\/div>\n\t\t\t\t<\/div>\n\t\t\t\t\t<\/div>\n\t\t<\/div>\n\t\t\t\t\t\t\t<\/div>\n\t\t<\/section>\n\t\t\t\t<section class=\"elementor-section elementor-top-section elementor-element elementor-element-f766f49 elementor-section-boxed elementor-section-height-default elementor-section-height-default qodef-elementor-content-no\" data-id=\"f766f49\" data-element_type=\"section\">\n\t\t\t\t\t\t<div class=\"elementor-container elementor-column-gap-default\">\n\t\t\t\t\t<div class=\"elementor-column elementor-col-50 elementor-top-column elementor-element elementor-element-925c8b7\" data-id=\"925c8b7\" data-element_type=\"column\">\n\t\t\t<div class=\"elementor-widget-wrap elementor-element-populated\">\n\t\t\t\t\t\t\t\t<div class=\"elementor-element elementor-element-382a54e elementor-widget elementor-widget-qi_addons_for_elementor_section_title\" data-id=\"382a54e\" data-element_type=\"widget\" data-widget_type=\"qi_addons_for_elementor_section_title.default\">\n\t\t\t\t<div class=\"elementor-widget-container\">\n\t\t\t<div class=\"qodef-shortcode qodef-m  qodef-qi-section-title  qodef-decoration--italic  qodef-link--underline-draw qodef-subtitle-icon--left\">\n\t\t\t\t<p class=\"qodef-m-subtitle\">\n\t\tCapacidad: 1-2 personas\t\t\t<\/p>\n\t\t\t<h3 class=\"qodef-m-title\">\n\t\tSuite Junior\t<\/h3>\n\t\t\t<div class=\"qodef-m-text\"><p>Solo en nuestro sitio web <a href=\"http:\/\/www.hotelacqui.it\">www.hotelacqui.it<\/a> o llamando al <a href=\"tel:+390144322693\">0144 322693<\/a> obtendr\u00e1 un descuento de 10 euros* por noche en el precio de la habitaci\u00f3n.<br \/>(*) No se puede combinar con otras ofertas o promociones<\/p><p>C\u00f3modas y espaciosas, estas suites son ideales para escapadas rom\u00e1nticas en pareja o en familia. Disponen de una zona de estar y una gran cama doble y pueden alojar hasta tres personas con una cama supletoria.<\/p><p>Un mobiliario refinado con un toque de elegancia y estilo le dar\u00e1 una sensaci\u00f3n de agradable relax, reflejando la atenci\u00f3n al detalle en cada rinc\u00f3n de nuestro hotel.<\/p><ul><li>Aire acondicionado regulable individualmente.<\/li><li>Conexi\u00f3n a Internet Wi-Fi de superfibra gratuita.<\/li><li>Caja de seguridad<\/li><li>Tel\u00e9fono de marcaci\u00f3n directa.<\/li><li>TV por sat\u00e9lite.<\/li><li>Sommier.<\/li><li>Escritorio.<\/li><li>Nevera<\/li><li>Albornoz.<\/li><li>Ba\u00f1o con cabina de ducha y secador de pelo.<\/li><li>Ventanas insonorizadas.<\/li><\/ul><p><strong>EXTRA<\/strong><\/p><ul><li>Ruta de bienestar adicional por pareja 60,00 \u20ac.<\/li><li>Cuna de beb\u00e9 \u20ac 15,00<\/li><li>Servicio de habitaciones \u20ac 10,00<\/li><li>Garaje \u20ac 8,00<\/li><li>Salida tard\u00eda de 11.00 a 14.00 h.\u20ac 20,00<\/li><li>Salida tard\u00eda de 11.00 a 18.00 h. \u20ac40,00<\/li><li>Tasa de saneamiento para la estancia de perros - tama\u00f1o peque\u00f1o - \u20ac10,00<\/li><\/ul><p><strong>LLEGADA:<\/strong><\/p><p>Las habitaciones estar\u00e1n a su disposici\u00f3n a partir de las 15.00 horas.<br \/>Las habitaciones est\u00e1n garantizadas hasta las 18:00 horas, a menos que se haya notificado al hotel la llegada tard\u00eda<\/p><p><strong>SALIDA:<\/strong><\/p><p>Las habitaciones deben quedar libres antes de las 10.30 horas del d\u00eda de salida.<br \/>Servicio de duchas disponible hasta las 17 horas del d\u00eda de salida.<br \/>Servicio de guarda de equipaje.<\/p><p><strong>SU BIENESTAR Y SEGURIDAD SON NUESTRAS PRIORIDADES<\/strong><\/p><p>Nos hemos equipado con el dispositivo m\u00e9dico de clase 1 \"Active Pure\" con per\u00f3xido de hidr\u00f3geno, que destruye los virus y las bacterias en el aire y en las superficies.<\/p><\/div>\n\t<\/div>\n\t\t<\/div>\n\t\t\t\t<\/div>\n\t\t\t\t\t<\/div>\n\t\t<\/div>\n\t\t\t\t<div class=\"elementor-column elementor-col-50 elementor-top-column elementor-element elementor-element-ac263b9\" data-id=\"ac263b9\" data-element_type=\"column\">\n\t\t\t<div class=\"elementor-widget-wrap elementor-element-populated\">\n\t\t\t\t\t\t\t\t<div class=\"elementor-element elementor-element-d2a76d2 elementor-widget elementor-widget-augustine_core_pricing_table\" data-id=\"d2a76d2\" data-element_type=\"widget\" data-widget_type=\"augustine_core_pricing_table.default\">\n\t\t\t\t<div class=\"elementor-widget-container\">\n\t\t\t<div class=\"qodef-shortcode qodef-m  qodef-pricing-table qodef-layout--standard qodef-status--regular\" >\n\t<div class=\"qodef-m-inner\">\n\t\t\t<div class=\"qodef-m-title\">\n\t\t<h5 >Precio<\/h5>\n\t<\/div>\n\t\t\t<div class=\"qodef-m-price\">\n\t\t<div class=\"qodef-m-price-wrapper qodef-h1\" >\n            <div class=\"qodef-m-price-wrapper-inner\">\n                <span class=\"qodef-m-price-value\">215,00<\/span><!--\n                --><span class=\"qodef-m-price-currency\" > \u20ac<\/span>\n                            <\/div>\n\t\t\t\t\t\t\t<span class=\"qodef-m-price-additional\" style=\"color: #878787\">NOCHE<\/span>\n\t\t\t\t\t<\/div>\n\t<\/div>\n\t\t\t\t\t<div class=\"qodef-m-button clear\">\n\t\t<a class=\"qodef-shortcode qodef-m  qodef-button qodef-layout--filled  qodef-html--link \" href=\"https:\/\/hotelacqui.it\/es\/solicitar-disponibilidad-suite-junior\/\" target=\"_self\"  >\t<span class=\"qodef-m-text\">solicitar disponibilidad\t<\/span><\/a>\t<\/div>\n\t<\/div>\n<\/div>\t\t<\/div>\n\t\t\t\t<\/div>\n\t\t\t\t<section class=\"elementor-section elementor-inner-section elementor-element elementor-element-6c84cdb elementor-section-boxed elementor-section-height-default elementor-section-height-default qodef-elementor-content-no\" data-id=\"6c84cdb\" data-element_type=\"section\">\n\t\t\t\t\t\t<div class=\"elementor-container elementor-column-gap-default\">\n\t\t\t\t\t<div class=\"elementor-column elementor-col-100 elementor-inner-column elementor-element elementor-element-8c3d19d\" data-id=\"8c3d19d\" data-element_type=\"column\">\n\t\t\t<div class=\"elementor-widget-wrap elementor-element-populated\">\n\t\t\t\t\t\t\t\t<div class=\"elementor-element elementor-element-e51b0b3 elementor-widget elementor-widget-text-editor\" data-id=\"e51b0b3\" data-element_type=\"widget\" data-widget_type=\"text-editor.default\">\n\t\t\t\t<div class=\"elementor-widget-container\">\n\t\t\t<style>\/*! elementor - v3.16.0 - 20-09-2023 *\/\n.elementor-widget-text-editor.elementor-drop-cap-view-stacked .elementor-drop-cap{background-color:#69727d;color:#fff}.elementor-widget-text-editor.elementor-drop-cap-view-framed .elementor-drop-cap{color:#69727d;border:3px solid;background-color:transparent}.elementor-widget-text-editor:not(.elementor-drop-cap-view-default) .elementor-drop-cap{margin-top:8px}.elementor-widget-text-editor:not(.elementor-drop-cap-view-default) .elementor-drop-cap-letter{width:1em;height:1em}.elementor-widget-text-editor .elementor-drop-cap{float:left;text-align:center;line-height:1;font-size:50px}.elementor-widget-text-editor .elementor-drop-cap-letter{display:inline-block}<\/style>\t\t\t\t<div class=\"heading_group_sc subtitle_top\"><p><span class=\"subtitle\"><b>HOTEL ACQUI<\/b><\/span><\/p><h4>RECOMENDADO EN<\/h4><\/div><p><a href=\"https:\/\/www.hotelacqui.it\/it\/camera\/doppia-basic\/#\"><img decoding=\"async\" src=\"https:\/\/plethorathemes.com\/hotel-xenia\/wp-content\/uploads\/2016\/12\/widget-tripadvisor.png\" alt=\"tripadvisor\" width=\"100\" \/><\/a><\/p>\t\t\t\t\t\t<\/div>\n\t\t\t\t<\/div>\n\t\t\t\t\t<\/div>\n\t\t<\/div>\n\t\t\t\t\t\t\t<\/div>\n\t\t<\/section>\n\t\t\t\t\t<\/div>\n\t\t<\/div>\n\t\t\t\t\t\t\t<\/div>\n\t\t<\/section>\n\t\t\t\t\t\t\t<\/div>\n\t\t","protected":false},"excerpt":{"rendered":"<p>Capacidad: 1-2 personas Suite Junior Solo en nuestro sitio web www.hotelacqui.it o llamando al 0144 322693 obtendr\u00e1 un descuento de 10 euros* por noche en el precio de la habitaci\u00f3n.(*) No se puede combinar con otras ofertas o promociones C\u00f3modas y espaciosas, estas suites son ideales para escapadas rom\u00e1nticas en pareja o en familia. Disponen [&hellip;]<\/p>\n","protected":false},"author":3,"featured_media":0,"parent":0,"menu_order":0,"comment_status":"closed","ping_status":"closed","template":"","meta":{"footnotes":""},"class_list":["post-14137","page","type-page","status-publish","hentry"],"yoast_head":"<!-- This site is optimized with the Yoast SEO plugin v21.2 - https:\/\/yoast.com\/wordpress\/plugins\/seo\/ -->\n<title>Suite Junior - Hotel Acqui Terme<\/title>\n<meta name=\"robots\" content=\"index, follow, max-snippet:-1, max-image-preview:large, max-video-preview:-1\" \/>\n<link rel=\"canonical\" href=\"https:\/\/hotelacqui.it\/es\/suite-junior\/\" \/>\n<meta property=\"og:locale\" content=\"es_ES\" \/>\n<meta property=\"og:type\" content=\"article\" \/>\n<meta property=\"og:title\" content=\"Suite Junior - Hotel Acqui Terme\" \/>\n<meta property=\"og:description\" content=\"Capacidad: 1-2 personas Suite Junior Solo en nuestro sitio web www.hotelacqui.it o llamando al 0144 322693 obtendr\u00e1 un descuento de 10 euros* por noche en el precio de la habitaci\u00f3n.(*) No se puede combinar con otras ofertas o promociones C\u00f3modas y espaciosas, estas suites son ideales para escapadas rom\u00e1nticas en pareja o en familia. Disponen [&hellip;]\" \/>\n<meta property=\"og:url\" content=\"https:\/\/hotelacqui.it\/es\/suite-junior\/\" \/>\n<meta property=\"og:site_name\" content=\"Hotel Acqui Terme\" \/>\n<meta property=\"article:modified_time\" content=\"2025-03-17T09:28:01+00:00\" \/>\n<meta property=\"og:image\" content=\"https:\/\/hotelacqui.it\/wp-content\/uploads\/2022\/03\/hotel_acqui_terme_junior_suite_212_802.jpg\" \/>\n<meta name=\"twitter:card\" content=\"summary_large_image\" \/>\n<meta name=\"twitter:label1\" content=\"Tiempo de lectura\" \/>\n\t<meta name=\"twitter:data1\" content=\"4 minutos\" \/>\n<script type=\"application\/ld+json\" class=\"yoast-schema-graph\">{\"@context\":\"https:\/\/schema.org\",\"@graph\":[{\"@type\":\"WebPage\",\"@id\":\"https:\/\/hotelacqui.it\/es\/suite-junior\/\",\"url\":\"https:\/\/hotelacqui.it\/es\/suite-junior\/\",\"name\":\"Suite Junior - Hotel Acqui Terme\",\"isPartOf\":{\"@id\":\"https:\/\/hotelacqui.it\/es\/#website\"},\"datePublished\":\"2022-04-14T08:00:17+00:00\",\"dateModified\":\"2025-03-17T09:28:01+00:00\",\"breadcrumb\":{\"@id\":\"https:\/\/hotelacqui.it\/es\/suite-junior\/#breadcrumb\"},\"inLanguage\":\"es\",\"potentialAction\":[{\"@type\":\"ReadAction\",\"target\":[\"https:\/\/hotelacqui.it\/es\/suite-junior\/\"]}]},{\"@type\":\"BreadcrumbList\",\"@id\":\"https:\/\/hotelacqui.it\/es\/suite-junior\/#breadcrumb\",\"itemListElement\":[{\"@type\":\"ListItem\",\"position\":1,\"name\":\"Home\",\"item\":\"https:\/\/hotelacqui.it\/es\/\"},{\"@type\":\"ListItem\",\"position\":2,\"name\":\"Suite Junior\"}]},{\"@type\":\"WebSite\",\"@id\":\"https:\/\/hotelacqui.it\/es\/#website\",\"url\":\"https:\/\/hotelacqui.it\/es\/\",\"name\":\"Hotel Acqui Terme\",\"description\":\"Centro Benessere e Super Colazione\",\"potentialAction\":[{\"@type\":\"SearchAction\",\"target\":{\"@type\":\"EntryPoint\",\"urlTemplate\":\"https:\/\/hotelacqui.it\/es\/?s={search_term_string}\"},\"query-input\":\"required name=search_term_string\"}],\"inLanguage\":\"es\"}]}<\/script>\n<!-- \/ Yoast SEO plugin. -->","yoast_head_json":{"title":"Suite Junior - Hotel Acqui Terme","robots":{"index":"index","follow":"follow","max-snippet":"max-snippet:-1","max-image-preview":"max-image-preview:large","max-video-preview":"max-video-preview:-1"},"canonical":"https:\/\/hotelacqui.it\/es\/suite-junior\/","og_locale":"es_ES","og_type":"article","og_title":"Suite Junior - Hotel Acqui Terme","og_description":"Capacidad: 1-2 personas Suite Junior Solo en nuestro sitio web www.hotelacqui.it o llamando al 0144 322693 obtendr\u00e1 un descuento de 10 euros* por noche en el precio de la habitaci\u00f3n.(*) No se puede combinar con otras ofertas o promociones C\u00f3modas y espaciosas, estas suites son ideales para escapadas rom\u00e1nticas en pareja o en familia. Disponen [&hellip;]","og_url":"https:\/\/hotelacqui.it\/es\/suite-junior\/","og_site_name":"Hotel Acqui Terme","article_modified_time":"2025-03-17T09:28:01+00:00","og_image":[{"url":"https:\/\/hotelacqui.it\/wp-content\/uploads\/2022\/03\/hotel_acqui_terme_junior_suite_212_802.jpg"}],"twitter_card":"summary_large_image","twitter_misc":{"Tiempo de lectura":"4 minutos"},"schema":{"@context":"https:\/\/schema.org","@graph":[{"@type":"WebPage","@id":"https:\/\/hotelacqui.it\/es\/suite-junior\/","url":"https:\/\/hotelacqui.it\/es\/suite-junior\/","name":"Suite Junior - Hotel Acqui Terme","isPartOf":{"@id":"https:\/\/hotelacqui.it\/es\/#website"},"datePublished":"2022-04-14T08:00:17+00:00","dateModified":"2025-03-17T09:28:01+00:00","breadcrumb":{"@id":"https:\/\/hotelacqui.it\/es\/suite-junior\/#breadcrumb"},"inLanguage":"es","potentialAction":[{"@type":"ReadAction","target":["https:\/\/hotelacqui.it\/es\/suite-junior\/"]}]},{"@type":"BreadcrumbList","@id":"https:\/\/hotelacqui.it\/es\/suite-junior\/#breadcrumb","itemListElement":[{"@type":"ListItem","position":1,"name":"Home","item":"https:\/\/hotelacqui.it\/es\/"},{"@type":"ListItem","position":2,"name":"Suite Junior"}]},{"@type":"WebSite","@id":"https:\/\/hotelacqui.it\/es\/#website","url":"https:\/\/hotelacqui.it\/es\/","name":"Hotel Acqui Terme","description":"Centro Benessere e Super Colazione","potentialAction":[{"@type":"SearchAction","target":{"@type":"EntryPoint","urlTemplate":"https:\/\/hotelacqui.it\/es\/?s={search_term_string}"},"query-input":"required name=search_term_string"}],"inLanguage":"es"}]}},"_links":{"self":[{"href":"https:\/\/hotelacqui.it\/es\/wp-json\/wp\/v2\/pages\/14137","targetHints":{"allow":["GET"]}}],"collection":[{"href":"https:\/\/hotelacqui.it\/es\/wp-json\/wp\/v2\/pages"}],"about":[{"href":"https:\/\/hotelacqui.it\/es\/wp-json\/wp\/v2\/types\/page"}],"author":[{"embeddable":true,"href":"https:\/\/hotelacqui.it\/es\/wp-json\/wp\/v2\/users\/3"}],"replies":[{"embeddable":true,"href":"https:\/\/hotelacqui.it\/es\/wp-json\/wp\/v2\/comments?post=14137"}],"version-history":[{"count":50,"href":"https:\/\/hotelacqui.it\/es\/wp-json\/wp\/v2\/pages\/14137\/revisions"}],"predecessor-version":[{"id":16599,"href":"https:\/\/hotelacqui.it\/es\/wp-json\/wp\/v2\/pages\/14137\/revisions\/16599"}],"wp:attachment":[{"href":"https:\/\/hotelacqui.it\/es\/wp-json\/wp\/v2\/media?parent=14137"}],"curies":[{"name":"wp","href":"https:\/\/api.w.org\/{rel}","templated":true}]}}