{"id":14187,"date":"2022-06-16T13:24:27","date_gmt":"2022-06-16T13:24:27","guid":{"rendered":"https:\/\/hotelacqui.it\/?page_id=14187"},"modified":"2022-06-16T13:26:09","modified_gmt":"2022-06-16T13:26:09","slug":"solicitar-disponibilidad-doble-basica","status":"publish","type":"page","link":"https:\/\/hotelacqui.it\/es\/solicitar-disponibilidad-doble-basica\/","title":{"rendered":"Solicitar Disponibilidad"},"content":{"rendered":"\t\t<div data-elementor-type=\"wp-page\" data-elementor-id=\"14187\" class=\"elementor elementor-14187\">\n\t\t\t\t\t\t\t\t\t<section class=\"elementor-section elementor-top-section elementor-element elementor-element-3e2920e3 elementor-section-boxed elementor-section-height-default elementor-section-height-default qodef-elementor-content-no\" data-id=\"3e2920e3\" data-element_type=\"section\">\n\t\t\t\t\t\t<div class=\"elementor-container elementor-column-gap-default\">\n\t\t\t\t\t<div class=\"elementor-column elementor-col-100 elementor-top-column elementor-element elementor-element-5bf25a86\" data-id=\"5bf25a86\" data-element_type=\"column\">\n\t\t\t<div class=\"elementor-widget-wrap elementor-element-populated\">\n\t\t\t\t\t\t\t\t<div class=\"elementor-element elementor-element-390ed5c4 elementor-widget elementor-widget-augustine_core_section_title\" data-id=\"390ed5c4\" data-element_type=\"widget\" data-widget_type=\"augustine_core_section_title.default\">\n\t\t\t\t<div class=\"elementor-widget-container\">\n\t\t\t<div class=\"qodef-shortcode qodef-m  qodef-section-title qodef-alignment--center    qodef-separator-appear \">\n\t\t<span class=\"qodef-m-separator\" ><\/span>\n\t\t\t<h3 class=\"qodef-m-title\" >\n\t\t\t\t\tHa elegido su alojamiento.\t\t\t<\/h3>\n\t\t<\/div>\t\t<\/div>\n\t\t\t\t<\/div>\n\t\t\t\t<div class=\"elementor-element elementor-element-ffb7cac elementor-widget elementor-widget-text-editor\" data-id=\"ffb7cac\" data-element_type=\"widget\" data-widget_type=\"text-editor.default\">\n\t\t\t\t<div class=\"elementor-widget-container\">\n\t\t\t<style>\/*! elementor - v3.16.0 - 20-09-2023 *\/\n.elementor-widget-text-editor.elementor-drop-cap-view-stacked .elementor-drop-cap{background-color:#69727d;color:#fff}.elementor-widget-text-editor.elementor-drop-cap-view-framed .elementor-drop-cap{color:#69727d;border:3px solid;background-color:transparent}.elementor-widget-text-editor:not(.elementor-drop-cap-view-default) .elementor-drop-cap{margin-top:8px}.elementor-widget-text-editor:not(.elementor-drop-cap-view-default) .elementor-drop-cap-letter{width:1em;height:1em}.elementor-widget-text-editor .elementor-drop-cap{float:left;text-align:center;line-height:1;font-size:50px}.elementor-widget-text-editor .elementor-drop-cap-letter{display:inline-block}<\/style>\t\t\t\t<h6>Indique las fechas de su estancia deseada y comun\u00edquenos sus necesidades o peticiones rellenando el siguiente formulario.<\/h6><h6>Su solicitud no supondr\u00e1 ninguna obligaci\u00f3n para usted.<\/h6><h6>Nuestra secretar\u00eda se pondr\u00e1 en contacto con usted y le proporcionar\u00e1 toda la informaci\u00f3n necesaria.<\/h6>\t\t\t\t\t\t<\/div>\n\t\t\t\t<\/div>\n\t\t\t\t\t<\/div>\n\t\t<\/div>\n\t\t\t\t\t\t\t<\/div>\n\t\t<\/section>\n\t\t\t\t<section class=\"elementor-section elementor-top-section elementor-element elementor-element-d238316 elementor-section-boxed elementor-section-height-default elementor-section-height-default qodef-elementor-content-no\" data-id=\"d238316\" data-element_type=\"section\">\n\t\t\t\t\t\t<div class=\"elementor-container elementor-column-gap-default\">\n\t\t\t\t\t<div class=\"elementor-column elementor-col-100 elementor-top-column elementor-element elementor-element-5172d89\" data-id=\"5172d89\" data-element_type=\"column\">\n\t\t\t<div class=\"elementor-widget-wrap elementor-element-populated\">\n\t\t\t\t\t\t\t\t<div class=\"elementor-element elementor-element-4952eac elementor-widget elementor-widget-text-editor\" data-id=\"4952eac\" data-element_type=\"widget\" data-widget_type=\"text-editor.default\">\n\t\t\t\t<div class=\"elementor-widget-container\">\n\t\t\t\t\t\t\t<div class=\"forminator-ui forminator-custom-form forminator-custom-form-14188 forminator-design--default  forminator_ajax\" data-forminator-render=\"0\" data-form=\"forminator-module-14188\" data-uid=\"6a04a038cbac6\"><br\/><\/div><form\n\t\t\t\tid=\"forminator-module-14188\"\n\t\t\t\tclass=\"forminator-ui forminator-custom-form forminator-custom-form-14188 forminator-design--default  forminator_ajax\"\n\t\t\t\tmethod=\"post\"\n\t\t\t\tdata-forminator-render=\"0\"\n\t\t\t\tdata-form-id=\"14188\"\n\t\t\t\t\n\t\t\t\tdata-design=\"default\"\n\t\t\t\t\n\t\t\t\t\n\t\t\t\t\n\t\t\t\tdata-grid=\"open\"\n\t\t\t\t\n\t\t\t\t\n\t\t\t\tstyle=\"display: none;\"\n\t\t\t\t\n\t\t\t\tdata-uid=\"6a04a038cbac6\"\n\t\t\t><div role=\"alert\" aria-live=\"polite\" class=\"forminator-response-message forminator-error\" aria-hidden=\"true\"><\/div><div class=\"forminator-row\"><div id=\"name-1\" class=\"forminator-field-name forminator-col forminator-col-6 \"><div class=\"forminator-field\"><label for=\"forminator-field-name-1_6a04a038cbac6\" class=\"forminator-label\" id=\"forminator-field-name-1_6a04a038cbac6-label\">Nombre <span class=\"forminator-required\">*<\/span><\/label><input type=\"text\" name=\"name-1\" value=\"\" placeholder=\"\" id=\"forminator-field-name-1_6a04a038cbac6\" class=\"forminator-input forminator-name--field\" aria-required=\"true\" \/><\/div><\/div><div id=\"name-2\" class=\"forminator-field-name forminator-col forminator-col-6 \"><div class=\"forminator-field\"><label for=\"forminator-field-name-2_6a04a038cbac6\" class=\"forminator-label\" id=\"forminator-field-name-2_6a04a038cbac6-label\">Apellido <span class=\"forminator-required\">*<\/span><\/label><input type=\"text\" name=\"name-2\" value=\"\" placeholder=\"\" id=\"forminator-field-name-2_6a04a038cbac6\" class=\"forminator-input forminator-name--field\" aria-required=\"true\" \/><\/div><\/div><\/div><div class=\"forminator-row\"><div id=\"email-1\" class=\"forminator-field-email forminator-col forminator-col-6 \"><div class=\"forminator-field\"><label for=\"forminator-field-email-1_6a04a038cbac6\" class=\"forminator-label\" id=\"forminator-field-email-1_6a04a038cbac6-label\">Correo <span class=\"forminator-required\">*<\/span><\/label><input type=\"email\" name=\"email-1\" value=\"\" placeholder=\"\" id=\"forminator-field-email-1_6a04a038cbac6\" class=\"forminator-input forminator-email--field\" data-required=\"true\" aria-required=\"true\" \/><\/div><\/div><div id=\"phone-1\" class=\"forminator-field-phone forminator-col forminator-col-6 \"><div class=\"forminator-field\"><label for=\"forminator-field-phone-1_6a04a038cbac6\" class=\"forminator-label\" id=\"forminator-field-phone-1_6a04a038cbac6-label\">Celular <span class=\"forminator-required\">*<\/span><\/label><input type=\"text\" name=\"phone-1\" value=\"\" placeholder=\"\" id=\"forminator-field-phone-1_6a04a038cbac6\" class=\"forminator-input forminator-field--phone\" data-required=\"1\" aria-required=\"true\" autocomplete=\"off\" \/><\/div><\/div><\/div><div class=\"forminator-row\"><div id=\"checkbox-1\" class=\"forminator-field-checkbox forminator-col forminator-col-12 \"><div role=\"group\" class=\"forminator-field required\" aria-labelledby=\"forminator-checkbox-group-6a04a038cbac6-label\"><h4 id=\"forminator-checkbox-group-6a04a038cbac6-label\" class=\"forminator-label\">Seleccionar Habitaci\u00f3n <span class=\"forminator-required\">*<\/span><\/h4><label id=\"forminator-field-checkbox-1-1-6a04a038cbac6-label\" for=\"forminator-field-checkbox-1-1-6a04a038cbac6\" class=\"forminator-checkbox forminator-checkbox-inline\" title=\"Suite Junior\"><input type=\"checkbox\" name=\"checkbox-1[]\" value=\"Suite-Junior\" id=\"forminator-field-checkbox-1-1-6a04a038cbac6\" aria-labelledby=\"forminator-field-checkbox-1-1-6a04a038cbac6-label\" data-calculation=\"0\"   aria-describedby=\"forminator-field-checkbox-1-6a04a038cbac6-description\"\/><span class=\"forminator-checkbox-box\" aria-hidden=\"true\"><\/span><span class=\"forminator-checkbox-label\">Suite Junior<\/span><\/label><label id=\"forminator-field-checkbox-1-2-6a04a038cbac6-label\" for=\"forminator-field-checkbox-1-2-6a04a038cbac6\" class=\"forminator-checkbox forminator-checkbox-inline\" title=\"Habitaci\u00f3n Doble Superior\"><input type=\"checkbox\" name=\"checkbox-1[]\" value=\"Habitaci\u00f3n-Doble-Superior\" id=\"forminator-field-checkbox-1-2-6a04a038cbac6\" aria-labelledby=\"forminator-field-checkbox-1-2-6a04a038cbac6-label\" data-calculation=\"0\"   aria-describedby=\"forminator-field-checkbox-1-6a04a038cbac6-description\"\/><span class=\"forminator-checkbox-box\" aria-hidden=\"true\"><\/span><span class=\"forminator-checkbox-label\">Habitaci\u00f3n Doble Superior<\/span><\/label><label id=\"forminator-field-checkbox-1-3-6a04a038cbac6-label\" for=\"forminator-field-checkbox-1-3-6a04a038cbac6\" class=\"forminator-checkbox forminator-checkbox-inline\" title=\"Habitaci\u00f3n Individual Superior\"><input type=\"checkbox\" name=\"checkbox-1[]\" value=\"Habitaci\u00f3n-Individual-Superior\" id=\"forminator-field-checkbox-1-3-6a04a038cbac6\" aria-labelledby=\"forminator-field-checkbox-1-3-6a04a038cbac6-label\" data-calculation=\"0\"   aria-describedby=\"forminator-field-checkbox-1-6a04a038cbac6-description\"\/><span class=\"forminator-checkbox-box\" aria-hidden=\"true\"><\/span><span class=\"forminator-checkbox-label\">Habitaci\u00f3n Individual Superior<\/span><\/label><label id=\"forminator-field-checkbox-1-4-6a04a038cbac6-label\" for=\"forminator-field-checkbox-1-4-6a04a038cbac6\" class=\"forminator-checkbox forminator-checkbox-inline\" title=\"Habitaci\u00f3n Doble Basica\"><input type=\"checkbox\" name=\"checkbox-1[]\" value=\"Habitaci\u00f3n-Doble-Basica\" id=\"forminator-field-checkbox-1-4-6a04a038cbac6\" aria-labelledby=\"forminator-field-checkbox-1-4-6a04a038cbac6-label\" data-calculation=\"0\" checked=\"checked\"  aria-describedby=\"forminator-field-checkbox-1-6a04a038cbac6-description\"\/><span class=\"forminator-checkbox-box\" aria-hidden=\"true\"><\/span><span class=\"forminator-checkbox-label\">Habitaci\u00f3n Doble Basica<\/span><\/label><\/div><\/div><\/div><div class=\"forminator-row\"><div id=\"date-1\" class=\"forminator-field-date forminator-col forminator-col-6 \"><div class=\"forminator-field\"><label for=\"forminator-field-date-1-picker_6a04a038cbac6\" class=\"forminator-label\" id=\"forminator-field-date-1-picker_6a04a038cbac6-label\">Check-in <span class=\"forminator-required\">*<\/span><\/label><div class=\"forminator-input-with-icon\"><label for=\"forminator-field-date-1-picker_6a04a038cbac6\"><span class=\"forminator-icon-calendar\" aria-hidden=\"true\"><\/span><\/label><input autocomplete=\"off\" type=\"text\" size=\"1\" name=\"date-1\" value=\"13\/05\/2026\" placeholder=\"Seleccionar fecha de llegada\" id=\"forminator-field-date-1-picker_6a04a038cbac6\" class=\"forminator-input forminator-datepicker\" data-required=\"1\" data-format=\"dd\/mm\/yy\" data-restrict-type=\"\" data-restrict=\"\" data-start-year=\"1926\" data-end-year=\"2126\" data-past-dates=\"enable\" data-start-of-week=\"1\" data-start-date=\"\" data-end-date=\"\" data-start-field=\"\" data-end-field=\"\" data-start-offset=\"\" data-end-offset=\"\" data-disable-date=\"\" data-disable-range=\"11\/24\/2024 - 04\/04\/2025\" \/><\/div><\/div><\/div><div id=\"date-2\" class=\"forminator-field-date forminator-col forminator-col-6 \"><div class=\"forminator-field\"><label for=\"forminator-field-date-2-picker_6a04a038cbac6\" class=\"forminator-label\" id=\"forminator-field-date-2-picker_6a04a038cbac6-label\">Check-out <span class=\"forminator-required\">*<\/span><\/label><div class=\"forminator-input-with-icon\"><label for=\"forminator-field-date-2-picker_6a04a038cbac6\"><span class=\"forminator-icon-calendar\" aria-hidden=\"true\"><\/span><\/label><input autocomplete=\"off\" type=\"text\" size=\"1\" name=\"date-2\" value=\"13\/05\/2026\" placeholder=\"Seleccionar fecha de salida\" id=\"forminator-field-date-2-picker_6a04a038cbac6\" class=\"forminator-input forminator-datepicker\" data-required=\"1\" data-format=\"dd\/mm\/yy\" data-restrict-type=\"\" data-restrict=\"\" data-start-year=\"1926\" data-end-year=\"2126\" data-past-dates=\"enable\" data-start-of-week=\"1\" data-start-date=\"\" data-end-date=\"\" data-start-field=\"date-1\" data-end-field=\"\" data-start-offset=\"+_1_days\" data-end-offset=\"\" data-disable-date=\"\" data-disable-range=\"11\/12\/2022 - 04\/06\/2023,11\/24\/2024 - 04\/04\/2025\" \/><\/div><\/div><\/div><\/div><div class=\"forminator-row\"><div id=\"select-1\" class=\"forminator-field-select forminator-col forminator-col-6 \"><div class=\"forminator-field\"><label for=\"forminator-form-14188__field--select-1_6a04a038cbac6\" id=\"forminator-form-14188__field--select-1_6a04a038cbac6-label\" class=\"forminator-label\">Adultos<\/label><select id=\"forminator-form-14188__field--select-1_6a04a038cbac6\" class=\"forminator-select--field forminator-select2\" data-required=\"\" name=\"select-1\" data-default-value=\"\" data-placeholder=\"--\" data-search=\"false\" aria-labelledby=\"forminator-form-14188__field--select-1_6a04a038cbac6-label\" aria-describedby=\"forminator-form-14188__field--select-1_6a04a038cbac6-description\"><option value=\"\">&#8212;<\/option><option value=\"1\"  data-calculation=\"0\">1<\/option><option value=\"2\"  data-calculation=\"0\">2<\/option><option value=\"3\"  data-calculation=\"0\">3<\/option><option value=\"4\"  data-calculation=\"0\">4<\/option><\/select><\/div><\/div><div id=\"select-2\" class=\"forminator-field-select forminator-col forminator-col-6 \"><div class=\"forminator-field\"><label for=\"forminator-form-14188__field--select-2_6a04a038cbac6\" id=\"forminator-form-14188__field--select-2_6a04a038cbac6-label\" class=\"forminator-label\">Ni\u00f1os<\/label><select id=\"forminator-form-14188__field--select-2_6a04a038cbac6\" class=\"forminator-select--field forminator-select2\" data-required=\"\" name=\"select-2\" data-default-value=\"\" data-placeholder=\"--\" data-search=\"false\" aria-labelledby=\"forminator-form-14188__field--select-2_6a04a038cbac6-label\" aria-describedby=\"forminator-form-14188__field--select-2_6a04a038cbac6-description\"><option value=\"\">&#8212;<\/option><option value=\"0\"  data-calculation=\"0\">0<\/option><option value=\"1\"  data-calculation=\"0\">1<\/option><option value=\"2\"  data-calculation=\"0\">2<\/option><option value=\"3\"  data-calculation=\"0\">3<\/option><option value=\"4\"  data-calculation=\"0\">4<\/option><\/select><\/div><\/div><\/div><div class=\"forminator-row\"><div id=\"textarea-1\" class=\"forminator-field-textarea forminator-col forminator-col-12 \"><div class=\"forminator-field\"><label for=\"forminator-field-textarea-1_6a04a038cbac6\" id=\"forminator-field-textarea-1_6a04a038cbac6-label\" class=\"forminator-label\">Mensaje<\/label><textarea name=\"textarea-1\" placeholder=\"\" id=\"forminator-field-textarea-1_6a04a038cbac6\" class=\"forminator-textarea\" rows=\"6\" style=\"min-height:140px;\" maxlength=\"180\" ><\/textarea><span id=\"forminator-field-textarea-1_6a04a038cbac6-description\" class=\"forminator-description\"><span data-limit=\"180\" data-type=\"characters\">0 \/ 180<\/span><\/span><\/div><\/div><\/div><input type=\"hidden\" name=\"referer_url\" value=\"\" \/><div class=\"forminator-row forminator-row-last\"><div class=\"forminator-col\"><div class=\"forminator-field\"><button class=\"forminator-button forminator-button-submit\">ENVIAR SOLICITUD<\/button><\/div><\/div><\/div><input type=\"hidden\" id=\"forminator_nonce\" name=\"forminator_nonce\" value=\"df91674bc9\" \/><input type=\"hidden\" name=\"_wp_http_referer\" value=\"\/es\/wp-json\/wp\/v2\/pages\/14187\" \/><input type=\"hidden\" name=\"form_id\" value=\"14188\"><input type=\"hidden\" name=\"page_id\" value=\"14187\"><input type=\"hidden\" name=\"form_type\" value=\"default\"><input type=\"hidden\" name=\"current_url\" value=\"https:\/\/hotelacqui.it\/es\/solicitar-disponibilidad-doble-basica\/\"><input type=\"hidden\" name=\"render_id\" value=\"0\"><input type=\"hidden\" name=\"action\" value=\"forminator_submit_form_custom-forms\"><\/form>\t\t\t\t\t\t<\/div>\n\t\t\t\t<\/div>\n\t\t\t\t\t<\/div>\n\t\t<\/div>\n\t\t\t\t\t\t\t<\/div>\n\t\t<\/section>\n\t\t\t\t<section class=\"elementor-section elementor-top-section elementor-element elementor-element-2a7c610 elementor-section-boxed elementor-section-height-default elementor-section-height-default qodef-elementor-content-no\" data-id=\"2a7c610\" data-element_type=\"section\">\n\t\t\t\t\t\t<div class=\"elementor-container elementor-column-gap-default\">\n\t\t\t\t\t<div class=\"elementor-column elementor-col-100 elementor-top-column elementor-element elementor-element-7aad50b\" data-id=\"7aad50b\" data-element_type=\"column\">\n\t\t\t<div class=\"elementor-widget-wrap elementor-element-populated\">\n\t\t\t\t\t\t\t\t<div class=\"elementor-element elementor-element-c299589 elementor-widget elementor-widget-spacer\" data-id=\"c299589\" data-element_type=\"widget\" data-widget_type=\"spacer.default\">\n\t\t\t\t<div class=\"elementor-widget-container\">\n\t\t\t<style>\/*! elementor - v3.16.0 - 20-09-2023 *\/\n.elementor-column .elementor-spacer-inner{height:var(--spacer-size)}.e-con{--container-widget-width:100%}.e-con-inner>.elementor-widget-spacer,.e-con>.elementor-widget-spacer{width:var(--container-widget-width,var(--spacer-size));--align-self:var(--container-widget-align-self,initial);--flex-shrink:0}.e-con-inner>.elementor-widget-spacer>.elementor-widget-container,.e-con>.elementor-widget-spacer>.elementor-widget-container{height:100%;width:100%}.e-con-inner>.elementor-widget-spacer>.elementor-widget-container>.elementor-spacer,.e-con>.elementor-widget-spacer>.elementor-widget-container>.elementor-spacer{height:100%}.e-con-inner>.elementor-widget-spacer>.elementor-widget-container>.elementor-spacer>.elementor-spacer-inner,.e-con>.elementor-widget-spacer>.elementor-widget-container>.elementor-spacer>.elementor-spacer-inner{height:var(--container-widget-height,var(--spacer-size))}.e-con-inner>.elementor-widget-spacer.elementor-widget-empty,.e-con>.elementor-widget-spacer.elementor-widget-empty{position:relative;min-height:22px;min-width:22px}.e-con-inner>.elementor-widget-spacer.elementor-widget-empty .elementor-widget-empty-icon,.e-con>.elementor-widget-spacer.elementor-widget-empty .elementor-widget-empty-icon{position:absolute;top:0;bottom:0;left:0;right:0;margin:auto;padding:0;width:22px;height:22px}<\/style>\t\t<div class=\"elementor-spacer\">\n\t\t\t<div class=\"elementor-spacer-inner\"><\/div>\n\t\t<\/div>\n\t\t\t\t<\/div>\n\t\t\t\t<\/div>\n\t\t\t\t\t<\/div>\n\t\t<\/div>\n\t\t\t\t\t\t\t<\/div>\n\t\t<\/section>\n\t\t\t\t\t\t\t<\/div>\n\t\t","protected":false},"excerpt":{"rendered":"<p>Ha elegido su alojamiento. Indique las fechas de su estancia deseada y comun\u00edquenos sus necesidades o peticiones rellenando el siguiente formulario. Su solicitud no supondr\u00e1 ninguna obligaci\u00f3n para usted. Nuestra secretar\u00eda se pondr\u00e1 en contacto con usted y le proporcionar\u00e1 toda la informaci\u00f3n necesaria.<\/p>\n","protected":false},"author":3,"featured_media":0,"parent":0,"menu_order":0,"comment_status":"closed","ping_status":"closed","template":"","meta":{"footnotes":""},"class_list":["post-14187","page","type-page","status-publish","hentry"],"yoast_head":"<!-- This site is optimized with the Yoast SEO plugin v21.2 - https:\/\/yoast.com\/wordpress\/plugins\/seo\/ -->\n<title>Solicitar Disponibilidad - Hotel Acqui Terme<\/title>\n<meta name=\"robots\" content=\"index, follow, max-snippet:-1, max-image-preview:large, max-video-preview:-1\" \/>\n<link rel=\"canonical\" href=\"https:\/\/hotelacqui.it\/es\/solicitar-disponibilidad-doble-basica\/\" \/>\n<meta property=\"og:locale\" content=\"es_ES\" \/>\n<meta property=\"og:type\" content=\"article\" \/>\n<meta property=\"og:title\" content=\"Solicitar Disponibilidad - Hotel Acqui Terme\" \/>\n<meta property=\"og:description\" content=\"Ha elegido su alojamiento. Indique las fechas de su estancia deseada y comun\u00edquenos sus necesidades o peticiones rellenando el siguiente formulario. Su solicitud no supondr\u00e1 ninguna obligaci\u00f3n para usted. Nuestra secretar\u00eda se pondr\u00e1 en contacto con usted y le proporcionar\u00e1 toda la informaci\u00f3n necesaria.\" \/>\n<meta property=\"og:url\" content=\"https:\/\/hotelacqui.it\/es\/solicitar-disponibilidad-doble-basica\/\" \/>\n<meta property=\"og:site_name\" content=\"Hotel Acqui Terme\" \/>\n<meta property=\"article:modified_time\" content=\"2022-06-16T13:26:09+00:00\" \/>\n<meta name=\"twitter:card\" content=\"summary_large_image\" \/>\n<meta name=\"twitter:label1\" content=\"Tiempo de lectura\" \/>\n\t<meta name=\"twitter:data1\" content=\"1 minuto\" \/>\n<script type=\"application\/ld+json\" class=\"yoast-schema-graph\">{\"@context\":\"https:\/\/schema.org\",\"@graph\":[{\"@type\":\"WebPage\",\"@id\":\"https:\/\/hotelacqui.it\/es\/solicitar-disponibilidad-doble-basica\/\",\"url\":\"https:\/\/hotelacqui.it\/es\/solicitar-disponibilidad-doble-basica\/\",\"name\":\"Solicitar Disponibilidad - Hotel Acqui Terme\",\"isPartOf\":{\"@id\":\"https:\/\/hotelacqui.it\/es\/#website\"},\"datePublished\":\"2022-06-16T13:24:27+00:00\",\"dateModified\":\"2022-06-16T13:26:09+00:00\",\"breadcrumb\":{\"@id\":\"https:\/\/hotelacqui.it\/es\/solicitar-disponibilidad-doble-basica\/#breadcrumb\"},\"inLanguage\":\"es\",\"potentialAction\":[{\"@type\":\"ReadAction\",\"target\":[\"https:\/\/hotelacqui.it\/es\/solicitar-disponibilidad-doble-basica\/\"]}]},{\"@type\":\"BreadcrumbList\",\"@id\":\"https:\/\/hotelacqui.it\/es\/solicitar-disponibilidad-doble-basica\/#breadcrumb\",\"itemListElement\":[{\"@type\":\"ListItem\",\"position\":1,\"name\":\"Home\",\"item\":\"https:\/\/hotelacqui.it\/es\/\"},{\"@type\":\"ListItem\",\"position\":2,\"name\":\"Solicitar Disponibilidad\"}]},{\"@type\":\"WebSite\",\"@id\":\"https:\/\/hotelacqui.it\/es\/#website\",\"url\":\"https:\/\/hotelacqui.it\/es\/\",\"name\":\"Hotel Acqui Terme\",\"description\":\"Centro Benessere e Super Colazione\",\"potentialAction\":[{\"@type\":\"SearchAction\",\"target\":{\"@type\":\"EntryPoint\",\"urlTemplate\":\"https:\/\/hotelacqui.it\/es\/?s={search_term_string}\"},\"query-input\":\"required name=search_term_string\"}],\"inLanguage\":\"es\"}]}<\/script>\n<!-- \/ Yoast SEO plugin. -->","yoast_head_json":{"title":"Solicitar Disponibilidad - Hotel Acqui Terme","robots":{"index":"index","follow":"follow","max-snippet":"max-snippet:-1","max-image-preview":"max-image-preview:large","max-video-preview":"max-video-preview:-1"},"canonical":"https:\/\/hotelacqui.it\/es\/solicitar-disponibilidad-doble-basica\/","og_locale":"es_ES","og_type":"article","og_title":"Solicitar Disponibilidad - Hotel Acqui Terme","og_description":"Ha elegido su alojamiento. Indique las fechas de su estancia deseada y comun\u00edquenos sus necesidades o peticiones rellenando el siguiente formulario. Su solicitud no supondr\u00e1 ninguna obligaci\u00f3n para usted. Nuestra secretar\u00eda se pondr\u00e1 en contacto con usted y le proporcionar\u00e1 toda la informaci\u00f3n necesaria.","og_url":"https:\/\/hotelacqui.it\/es\/solicitar-disponibilidad-doble-basica\/","og_site_name":"Hotel Acqui Terme","article_modified_time":"2022-06-16T13:26:09+00:00","twitter_card":"summary_large_image","twitter_misc":{"Tiempo de lectura":"1 minuto"},"schema":{"@context":"https:\/\/schema.org","@graph":[{"@type":"WebPage","@id":"https:\/\/hotelacqui.it\/es\/solicitar-disponibilidad-doble-basica\/","url":"https:\/\/hotelacqui.it\/es\/solicitar-disponibilidad-doble-basica\/","name":"Solicitar Disponibilidad - Hotel Acqui Terme","isPartOf":{"@id":"https:\/\/hotelacqui.it\/es\/#website"},"datePublished":"2022-06-16T13:24:27+00:00","dateModified":"2022-06-16T13:26:09+00:00","breadcrumb":{"@id":"https:\/\/hotelacqui.it\/es\/solicitar-disponibilidad-doble-basica\/#breadcrumb"},"inLanguage":"es","potentialAction":[{"@type":"ReadAction","target":["https:\/\/hotelacqui.it\/es\/solicitar-disponibilidad-doble-basica\/"]}]},{"@type":"BreadcrumbList","@id":"https:\/\/hotelacqui.it\/es\/solicitar-disponibilidad-doble-basica\/#breadcrumb","itemListElement":[{"@type":"ListItem","position":1,"name":"Home","item":"https:\/\/hotelacqui.it\/es\/"},{"@type":"ListItem","position":2,"name":"Solicitar Disponibilidad"}]},{"@type":"WebSite","@id":"https:\/\/hotelacqui.it\/es\/#website","url":"https:\/\/hotelacqui.it\/es\/","name":"Hotel Acqui Terme","description":"Centro Benessere e Super Colazione","potentialAction":[{"@type":"SearchAction","target":{"@type":"EntryPoint","urlTemplate":"https:\/\/hotelacqui.it\/es\/?s={search_term_string}"},"query-input":"required name=search_term_string"}],"inLanguage":"es"}]}},"_links":{"self":[{"href":"https:\/\/hotelacqui.it\/es\/wp-json\/wp\/v2\/pages\/14187","targetHints":{"allow":["GET"]}}],"collection":[{"href":"https:\/\/hotelacqui.it\/es\/wp-json\/wp\/v2\/pages"}],"about":[{"href":"https:\/\/hotelacqui.it\/es\/wp-json\/wp\/v2\/types\/page"}],"author":[{"embeddable":true,"href":"https:\/\/hotelacqui.it\/es\/wp-json\/wp\/v2\/users\/3"}],"replies":[{"embeddable":true,"href":"https:\/\/hotelacqui.it\/es\/wp-json\/wp\/v2\/comments?post=14187"}],"version-history":[{"count":4,"href":"https:\/\/hotelacqui.it\/es\/wp-json\/wp\/v2\/pages\/14187\/revisions"}],"predecessor-version":[{"id":14192,"href":"https:\/\/hotelacqui.it\/es\/wp-json\/wp\/v2\/pages\/14187\/revisions\/14192"}],"wp:attachment":[{"href":"https:\/\/hotelacqui.it\/es\/wp-json\/wp\/v2\/media?parent=14187"}],"curies":[{"name":"wp","href":"https:\/\/api.w.org\/{rel}","templated":true}]}}